{"id":2220,"date":"2025-12-16T11:33:12","date_gmt":"2025-12-16T08:33:12","guid":{"rendered":"https:\/\/thelionevent.com\/?page_id=2220"},"modified":"2025-12-16T13:22:59","modified_gmt":"2025-12-16T10:22:59","slug":"comlek-atolyesi","status":"publish","type":"page","link":"https:\/\/thelionevent.com\/index.php\/comlek-atolyesi\/","title":{"rendered":"\u00c7\u00f6mlek At\u00f6lyesi"},"content":{"rendered":"\t\t<div data-elementor-type=\"wp-page\" data-elementor-id=\"2220\" class=\"elementor elementor-2220\">\n\t\t\t\t<div class=\"elementor-element elementor-element-9706364 e-flex e-con-boxed e-con e-parent\" data-id=\"9706364\" data-element_type=\"container\">\n\t\t\t\t\t<div class=\"e-con-inner\">\n\t\t\t\t<div class=\"elementor-element elementor-element-ead4d69 elementor-widget elementor-widget-turner_hero_title\" data-id=\"ead4d69\" data-element_type=\"widget\" data-widget_type=\"turner_hero_title.default\">\n\t\t\t\t<div class=\"elementor-widget-container\">\n\t\t\t\t\t    \t\r\n        \r\n\t\t<div class=\"tur-section-title tur-text turner-sec-title\">\r\n\t\t\t\t\t\t\t<h2 class=\"heading-title tx-split-text split-in-right\">Resim Galerisi<\/h2>\r\n\t\t\t\t\t\t\t<\/div>\r\n\t\t\t\t\t\t\t<\/div>\n\t\t\t\t<\/div>\n\t\t\t\t\t<\/div>\n\t\t\t\t<\/div>\n\t\t<div class=\"elementor-element elementor-element-5483395 e-flex e-con-boxed e-con e-parent\" data-id=\"5483395\" data-element_type=\"container\">\n\t\t\t\t\t<div class=\"e-con-inner\">\n\t\t\t\t<div class=\"elementor-element elementor-element-9c8061c gallery-spacing-custom elementor-widget elementor-widget-image-gallery\" data-id=\"9c8061c\" data-element_type=\"widget\" data-widget_type=\"image-gallery.default\">\n\t\t\t\t\t\t\t<div class=\"elementor-image-gallery\">\n\t\t\t<div id='gallery-1' class='gallery galleryid-2220 gallery-columns-3 gallery-size-turner_389x607'><figure class='gallery-item'>\n\t\t\t<div class='gallery-icon landscape'>\n\t\t\t\t<a data-elementor-open-lightbox=\"yes\" data-elementor-lightbox-slideshow=\"9c8061c\" data-elementor-lightbox-title=\"\u00c7\u00f6mlek at\u00f6lye bitmi\u015f hali\" data-e-action-hash=\"#elementor-action%3Aaction%3Dlightbox%26settings%3DeyJpZCI6MjIyMiwidXJsIjoiaHR0cHM6XC9cL3RoZWxpb25ldmVudC5jb21cL3dwLWNvbnRlbnRcL3VwbG9hZHNcLzIwMjVcLzEyXC9Db21sZWstYXRvbHllLWJpdG1pcy1oYWxpLndlYnAiLCJzbGlkZXNob3ciOiI5YzgwNjFjIn0%3D\" href='https:\/\/thelionevent.com\/wp-content\/uploads\/2025\/12\/Comlek-atolye-bitmis-hali.webp'><img fetchpriority=\"high\" decoding=\"async\" width=\"389\" height=\"607\" src=\"https:\/\/thelionevent.com\/wp-content\/uploads\/2025\/12\/Comlek-atolye-bitmis-hali-389x607.webp\" class=\"attachment-turner_389x607 size-turner_389x607\" alt=\"\" \/><\/a>\n\t\t\t<\/div><\/figure><figure class='gallery-item'>\n\t\t\t<div class='gallery-icon landscape'>\n\t\t\t\t<a data-elementor-open-lightbox=\"yes\" data-elementor-lightbox-slideshow=\"9c8061c\" data-elementor-lightbox-title=\"\u00c7\u00f6mlek at\u00f6lye genel\" data-e-action-hash=\"#elementor-action%3Aaction%3Dlightbox%26settings%3DeyJpZCI6MjIyMywidXJsIjoiaHR0cHM6XC9cL3RoZWxpb25ldmVudC5jb21cL3dwLWNvbnRlbnRcL3VwbG9hZHNcLzIwMjVcLzEyXC9Db21sZWstYXRvbHllLWdlbmVsLmpwZyIsInNsaWRlc2hvdyI6IjljODA2MWMifQ%3D%3D\" href='https:\/\/thelionevent.com\/wp-content\/uploads\/2025\/12\/Comlek-atolye-genel.jpg'><img decoding=\"async\" width=\"389\" height=\"607\" src=\"https:\/\/thelionevent.com\/wp-content\/uploads\/2025\/12\/Comlek-atolye-genel-389x607.jpg\" class=\"attachment-turner_389x607 size-turner_389x607\" alt=\"\" \/><\/a>\n\t\t\t<\/div><\/figure><figure class='gallery-item'>\n\t\t\t<div class='gallery-icon portrait'>\n\t\t\t\t<a data-elementor-open-lightbox=\"yes\" data-elementor-lightbox-slideshow=\"9c8061c\" data-elementor-lightbox-title=\"\u00e7\u00f6mlek at\u00f6lye yap\u0131l\u0131\u015f\" data-e-action-hash=\"#elementor-action%3Aaction%3Dlightbox%26settings%3DeyJpZCI6MjIyNCwidXJsIjoiaHR0cHM6XC9cL3RoZWxpb25ldmVudC5jb21cL3dwLWNvbnRlbnRcL3VwbG9hZHNcLzIwMjVcLzEyXC9jb21sZWstYXRvbHllLXlhcGlsaXMuanBnIiwic2xpZGVzaG93IjoiOWM4MDYxYyJ9\" href='https:\/\/thelionevent.com\/wp-content\/uploads\/2025\/12\/comlek-atolye-yapilis.jpg'><img decoding=\"async\" width=\"389\" height=\"607\" src=\"https:\/\/thelionevent.com\/wp-content\/uploads\/2025\/12\/comlek-atolye-yapilis-389x607.jpg\" class=\"attachment-turner_389x607 size-turner_389x607\" alt=\"\" \/><\/a>\n\t\t\t<\/div><\/figure><figure class='gallery-item'>\n\t\t\t<div class='gallery-icon portrait'>\n\t\t\t\t<a data-elementor-open-lightbox=\"yes\" data-elementor-lightbox-slideshow=\"9c8061c\" data-elementor-lightbox-title=\"IMG-20230530-WA0006\" data-e-action-hash=\"#elementor-action%3Aaction%3Dlightbox%26settings%3DeyJpZCI6MjIyNSwidXJsIjoiaHR0cHM6XC9cL3RoZWxpb25ldmVudC5jb21cL3dwLWNvbnRlbnRcL3VwbG9hZHNcLzIwMjVcLzEyXC9JTUctMjAyMzA1MzAtV0EwMDA2LmpwZyIsInNsaWRlc2hvdyI6IjljODA2MWMifQ%3D%3D\" href='https:\/\/thelionevent.com\/wp-content\/uploads\/2025\/12\/IMG-20230530-WA0006.jpg'><img loading=\"lazy\" decoding=\"async\" width=\"389\" height=\"607\" src=\"https:\/\/thelionevent.com\/wp-content\/uploads\/2025\/12\/IMG-20230530-WA0006-389x607.jpg\" class=\"attachment-turner_389x607 size-turner_389x607\" alt=\"\" \/><\/a>\n\t\t\t<\/div><\/figure><figure class='gallery-item'>\n\t\t\t<div class='gallery-icon portrait'>\n\t\t\t\t<a data-elementor-open-lightbox=\"yes\" data-elementor-lightbox-slideshow=\"9c8061c\" data-elementor-lightbox-title=\"IMG-20230617-WA0008\" data-e-action-hash=\"#elementor-action%3Aaction%3Dlightbox%26settings%3DeyJpZCI6MjIyNiwidXJsIjoiaHR0cHM6XC9cL3RoZWxpb25ldmVudC5jb21cL3dwLWNvbnRlbnRcL3VwbG9hZHNcLzIwMjVcLzEyXC9JTUctMjAyMzA2MTctV0EwMDA4LmpwZyIsInNsaWRlc2hvdyI6IjljODA2MWMifQ%3D%3D\" href='https:\/\/thelionevent.com\/wp-content\/uploads\/2025\/12\/IMG-20230617-WA0008.jpg'><img loading=\"lazy\" decoding=\"async\" width=\"389\" height=\"607\" src=\"https:\/\/thelionevent.com\/wp-content\/uploads\/2025\/12\/IMG-20230617-WA0008-389x607.jpg\" class=\"attachment-turner_389x607 size-turner_389x607\" alt=\"\" \/><\/a>\n\t\t\t<\/div><\/figure><figure class='gallery-item'>\n\t\t\t<div class='gallery-icon portrait'>\n\t\t\t\t<a data-elementor-open-lightbox=\"yes\" data-elementor-lightbox-slideshow=\"9c8061c\" data-elementor-lightbox-title=\"WhatsApp Image 2025-10-24 at 17.17.36\" data-e-action-hash=\"#elementor-action%3Aaction%3Dlightbox%26settings%3DeyJpZCI6MjIyNywidXJsIjoiaHR0cHM6XC9cL3RoZWxpb25ldmVudC5jb21cL3dwLWNvbnRlbnRcL3VwbG9hZHNcLzIwMjVcLzEyXC9XaGF0c0FwcC1JbWFnZS0yMDI1LTEwLTI0LWF0LTE3LjE3LjM2LmpwZWciLCJzbGlkZXNob3ciOiI5YzgwNjFjIn0%3D\" href='https:\/\/thelionevent.com\/wp-content\/uploads\/2025\/12\/WhatsApp-Image-2025-10-24-at-17.17.36.jpeg'><img loading=\"lazy\" decoding=\"async\" width=\"389\" height=\"607\" src=\"https:\/\/thelionevent.com\/wp-content\/uploads\/2025\/12\/WhatsApp-Image-2025-10-24-at-17.17.36-389x607.jpeg\" class=\"attachment-turner_389x607 size-turner_389x607\" alt=\"\" \/><\/a>\n\t\t\t<\/div><\/figure>\n\t\t<\/div>\n\t\t<\/div>\n\t\t\t\t\t\t<\/div>\n\t\t\t\t\t<\/div>\n\t\t\t\t<\/div>\n\t\t\t\t<\/div>\n\t\t","protected":false},"excerpt":{"rendered":"<p>Resim Galerisi<\/p>\n","protected":false},"author":1,"featured_media":0,"parent":0,"menu_order":0,"comment_status":"closed","ping_status":"closed","template":"tpl-default-elementor.php","meta":{"_monsterinsights_skip_tracking":false,"_monsterinsights_sitenote_active":false,"_monsterinsights_sitenote_note":"","_monsterinsights_sitenote_category":0,"footnotes":""},"class_list":["post-2220","page","type-page","status-publish","hentry"],"aioseo_notices":[],"_links":{"self":[{"href":"https:\/\/thelionevent.com\/index.php\/wp-json\/wp\/v2\/pages\/2220","targetHints":{"allow":["GET"]}}],"collection":[{"href":"https:\/\/thelionevent.com\/index.php\/wp-json\/wp\/v2\/pages"}],"about":[{"href":"https:\/\/thelionevent.com\/index.php\/wp-json\/wp\/v2\/types\/page"}],"author":[{"embeddable":true,"href":"https:\/\/thelionevent.com\/index.php\/wp-json\/wp\/v2\/users\/1"}],"replies":[{"embeddable":true,"href":"https:\/\/thelionevent.com\/index.php\/wp-json\/wp\/v2\/comments?post=2220"}],"version-history":[{"count":4,"href":"https:\/\/thelionevent.com\/index.php\/wp-json\/wp\/v2\/pages\/2220\/revisions"}],"predecessor-version":[{"id":2230,"href":"https:\/\/thelionevent.com\/index.php\/wp-json\/wp\/v2\/pages\/2220\/revisions\/2230"}],"wp:attachment":[{"href":"https:\/\/thelionevent.com\/index.php\/wp-json\/wp\/v2\/media?parent=2220"}],"curies":[{"name":"wp","href":"https:\/\/api.w.org\/{rel}","templated":true}]}}