{"id":2253,"date":"2025-12-16T11:45:25","date_gmt":"2025-12-16T08:45:25","guid":{"rendered":"https:\/\/thelionevent.com\/?page_id=2253"},"modified":"2025-12-16T11:47:21","modified_gmt":"2025-12-16T08:47:21","slug":"mum-atolyesi","status":"publish","type":"page","link":"https:\/\/thelionevent.com\/index.php\/mum-atolyesi\/","title":{"rendered":"Mum At\u00f6lyesi"},"content":{"rendered":"\t\t<div data-elementor-type=\"wp-page\" data-elementor-id=\"2253\" class=\"elementor elementor-2253\">\n\t\t\t\t<div class=\"elementor-element elementor-element-9706364 e-flex e-con-boxed e-con e-parent\" data-id=\"9706364\" data-element_type=\"container\">\n\t\t\t\t\t<div class=\"e-con-inner\">\n\t\t\t\t<div class=\"elementor-element elementor-element-ead4d69 elementor-widget elementor-widget-turner_hero_title\" data-id=\"ead4d69\" data-element_type=\"widget\" data-widget_type=\"turner_hero_title.default\">\n\t\t\t\t<div class=\"elementor-widget-container\">\n\t\t\t\t\t    \t\r\n        \r\n\t\t<div class=\"tur-section-title tur-text turner-sec-title\">\r\n\t\t\t\t\t\t\t<h2 class=\"heading-title tx-split-text split-in-right\">Resim Galerisi<\/h2>\r\n\t\t\t\t\t\t\t<\/div>\r\n\t\t\t\t\t\t\t<\/div>\n\t\t\t\t<\/div>\n\t\t\t\t\t<\/div>\n\t\t\t\t<\/div>\n\t\t<div class=\"elementor-element elementor-element-5483395 e-flex e-con-boxed e-con e-parent\" data-id=\"5483395\" data-element_type=\"container\">\n\t\t\t\t\t<div class=\"e-con-inner\">\n\t\t\t\t<div class=\"elementor-element elementor-element-9c8061c gallery-spacing-custom elementor-widget elementor-widget-image-gallery\" data-id=\"9c8061c\" data-element_type=\"widget\" data-widget_type=\"image-gallery.default\">\n\t\t\t\t\t\t\t<div class=\"elementor-image-gallery\">\n\t\t\t<div id='gallery-1' class='gallery galleryid-2253 gallery-columns-3 gallery-size-turner_828x516'><figure class='gallery-item'>\n\t\t\t<div class='gallery-icon portrait'>\n\t\t\t\t<a data-elementor-open-lightbox=\"yes\" data-elementor-lightbox-slideshow=\"9c8061c\" data-elementor-lightbox-title=\"IMG-20230423-WA0003\" data-e-action-hash=\"#elementor-action%3Aaction%3Dlightbox%26settings%3DeyJpZCI6MjI1NSwidXJsIjoiaHR0cHM6XC9cL3RoZWxpb25ldmVudC5jb21cL3dwLWNvbnRlbnRcL3VwbG9hZHNcLzIwMjVcLzEyXC9JTUctMjAyMzA0MjMtV0EwMDAzLmpwZyIsInNsaWRlc2hvdyI6IjljODA2MWMifQ%3D%3D\" href='https:\/\/thelionevent.com\/wp-content\/uploads\/2025\/12\/IMG-20230423-WA0003.jpg'><img fetchpriority=\"high\" decoding=\"async\" width=\"828\" height=\"516\" src=\"https:\/\/thelionevent.com\/wp-content\/uploads\/2025\/12\/IMG-20230423-WA0003-828x516.jpg\" class=\"attachment-turner_828x516 size-turner_828x516\" alt=\"\" \/><\/a>\n\t\t\t<\/div><\/figure><figure class='gallery-item'>\n\t\t\t<div class='gallery-icon portrait'>\n\t\t\t\t<a data-elementor-open-lightbox=\"yes\" data-elementor-lightbox-slideshow=\"9c8061c\" data-elementor-lightbox-title=\"IMG-20231121-WA0013\" data-e-action-hash=\"#elementor-action%3Aaction%3Dlightbox%26settings%3DeyJpZCI6MjI1NiwidXJsIjoiaHR0cHM6XC9cL3RoZWxpb25ldmVudC5jb21cL3dwLWNvbnRlbnRcL3VwbG9hZHNcLzIwMjVcLzEyXC9JTUctMjAyMzExMjEtV0EwMDEzLmpwZyIsInNsaWRlc2hvdyI6IjljODA2MWMifQ%3D%3D\" href='https:\/\/thelionevent.com\/wp-content\/uploads\/2025\/12\/IMG-20231121-WA0013.jpg'><img decoding=\"async\" width=\"768\" height=\"516\" src=\"https:\/\/thelionevent.com\/wp-content\/uploads\/2025\/12\/IMG-20231121-WA0013-768x516.jpg\" class=\"attachment-turner_828x516 size-turner_828x516\" alt=\"\" srcset=\"https:\/\/thelionevent.com\/wp-content\/uploads\/2025\/12\/IMG-20231121-WA0013-768x516.jpg 768w, https:\/\/thelionevent.com\/wp-content\/uploads\/2025\/12\/IMG-20231121-WA0013-174x116.jpg 174w\" sizes=\"(max-width: 768px) 100vw, 768px\" \/><\/a>\n\t\t\t<\/div><\/figure><figure class='gallery-item'>\n\t\t\t<div class='gallery-icon portrait'>\n\t\t\t\t<a data-elementor-open-lightbox=\"yes\" data-elementor-lightbox-slideshow=\"9c8061c\" data-elementor-lightbox-title=\"Mum at\u00f6lye genel\" data-e-action-hash=\"#elementor-action%3Aaction%3Dlightbox%26settings%3DeyJpZCI6MjI1NywidXJsIjoiaHR0cHM6XC9cL3RoZWxpb25ldmVudC5jb21cL3dwLWNvbnRlbnRcL3VwbG9hZHNcLzIwMjVcLzEyXC9NdW0tYXRvbHllLWdlbmVsLmpwZWciLCJzbGlkZXNob3ciOiI5YzgwNjFjIn0%3D\" href='https:\/\/thelionevent.com\/wp-content\/uploads\/2025\/12\/Mum-atolye-genel.jpeg'><img decoding=\"async\" width=\"828\" height=\"516\" src=\"https:\/\/thelionevent.com\/wp-content\/uploads\/2025\/12\/Mum-atolye-genel-828x516.jpeg\" class=\"attachment-turner_828x516 size-turner_828x516\" alt=\"\" \/><\/a>\n\t\t\t<\/div><\/figure><figure class='gallery-item'>\n\t\t\t<div class='gallery-icon portrait'>\n\t\t\t\t<a data-elementor-open-lightbox=\"yes\" data-elementor-lightbox-slideshow=\"9c8061c\" data-elementor-lightbox-title=\"Mum at\u00f6lye haz\u0131rl\u0131k\" data-e-action-hash=\"#elementor-action%3Aaction%3Dlightbox%26settings%3DeyJpZCI6MjI1OCwidXJsIjoiaHR0cHM6XC9cL3RoZWxpb25ldmVudC5jb21cL3dwLWNvbnRlbnRcL3VwbG9hZHNcLzIwMjVcLzEyXC9NdW0tYXRvbHllLWhhemlybGlrLmpwZWciLCJzbGlkZXNob3ciOiI5YzgwNjFjIn0%3D\" href='https:\/\/thelionevent.com\/wp-content\/uploads\/2025\/12\/Mum-atolye-hazirlik.jpeg'><img loading=\"lazy\" decoding=\"async\" width=\"828\" height=\"516\" src=\"https:\/\/thelionevent.com\/wp-content\/uploads\/2025\/12\/Mum-atolye-hazirlik-828x516.jpeg\" class=\"attachment-turner_828x516 size-turner_828x516\" alt=\"\" \/><\/a>\n\t\t\t<\/div><\/figure><figure class='gallery-item'>\n\t\t\t<div class='gallery-icon portrait'>\n\t\t\t\t<a data-elementor-open-lightbox=\"yes\" data-elementor-lightbox-slideshow=\"9c8061c\" data-elementor-lightbox-title=\"Mum at\u00f6lye\" data-e-action-hash=\"#elementor-action%3Aaction%3Dlightbox%26settings%3DeyJpZCI6MjI1OSwidXJsIjoiaHR0cHM6XC9cL3RoZWxpb25ldmVudC5jb21cL3dwLWNvbnRlbnRcL3VwbG9hZHNcLzIwMjVcLzEyXC9NdW0tYXRvbHllLmpwZWciLCJzbGlkZXNob3ciOiI5YzgwNjFjIn0%3D\" href='https:\/\/thelionevent.com\/wp-content\/uploads\/2025\/12\/Mum-atolye.jpeg'><img loading=\"lazy\" decoding=\"async\" width=\"828\" height=\"516\" src=\"https:\/\/thelionevent.com\/wp-content\/uploads\/2025\/12\/Mum-atolye-828x516.jpeg\" class=\"attachment-turner_828x516 size-turner_828x516\" alt=\"\" \/><\/a>\n\t\t\t<\/div><\/figure><figure class='gallery-item'>\n\t\t\t<div class='gallery-icon landscape'>\n\t\t\t\t<a data-elementor-open-lightbox=\"yes\" data-elementor-lightbox-slideshow=\"9c8061c\" data-elementor-lightbox-title=\"WhatsApp Image 2025-07-19 at 13.15.24\" data-e-action-hash=\"#elementor-action%3Aaction%3Dlightbox%26settings%3DeyJpZCI6MjI2MCwidXJsIjoiaHR0cHM6XC9cL3RoZWxpb25ldmVudC5jb21cL3dwLWNvbnRlbnRcL3VwbG9hZHNcLzIwMjVcLzEyXC9XaGF0c0FwcC1JbWFnZS0yMDI1LTA3LTE5LWF0LTEzLjE1LjI0LmpwZWciLCJzbGlkZXNob3ciOiI5YzgwNjFjIn0%3D\" href='https:\/\/thelionevent.com\/wp-content\/uploads\/2025\/12\/WhatsApp-Image-2025-07-19-at-13.15.24.jpeg'><img loading=\"lazy\" decoding=\"async\" width=\"828\" height=\"516\" src=\"https:\/\/thelionevent.com\/wp-content\/uploads\/2025\/12\/WhatsApp-Image-2025-07-19-at-13.15.24-828x516.jpeg\" class=\"attachment-turner_828x516 size-turner_828x516\" alt=\"\" \/><\/a>\n\t\t\t<\/div><\/figure><figure class='gallery-item'>\n\t\t\t<div class='gallery-icon landscape'>\n\t\t\t\t<a data-elementor-open-lightbox=\"yes\" data-elementor-lightbox-slideshow=\"9c8061c\" data-elementor-lightbox-title=\"WhatsApp Image 2025-07-24 at 13.21.53\" data-e-action-hash=\"#elementor-action%3Aaction%3Dlightbox%26settings%3DeyJpZCI6MjI2MSwidXJsIjoiaHR0cHM6XC9cL3RoZWxpb25ldmVudC5jb21cL3dwLWNvbnRlbnRcL3VwbG9hZHNcLzIwMjVcLzEyXC9XaGF0c0FwcC1JbWFnZS0yMDI1LTA3LTI0LWF0LTEzLjIxLjUzLmpwZWciLCJzbGlkZXNob3ciOiI5YzgwNjFjIn0%3D\" href='https:\/\/thelionevent.com\/wp-content\/uploads\/2025\/12\/WhatsApp-Image-2025-07-24-at-13.21.53.jpeg'><img loading=\"lazy\" decoding=\"async\" width=\"828\" height=\"516\" src=\"https:\/\/thelionevent.com\/wp-content\/uploads\/2025\/12\/WhatsApp-Image-2025-07-24-at-13.21.53-828x516.jpeg\" class=\"attachment-turner_828x516 size-turner_828x516\" alt=\"\" \/><\/a>\n\t\t\t<\/div><\/figure><figure class='gallery-item'>\n\t\t\t<div class='gallery-icon portrait'>\n\t\t\t\t<a data-elementor-open-lightbox=\"yes\" data-elementor-lightbox-slideshow=\"9c8061c\" data-elementor-lightbox-title=\"WhatsApp Image 2025-07-24 at 14.36.01 (1)\" data-e-action-hash=\"#elementor-action%3Aaction%3Dlightbox%26settings%3DeyJpZCI6MjI2MiwidXJsIjoiaHR0cHM6XC9cL3RoZWxpb25ldmVudC5jb21cL3dwLWNvbnRlbnRcL3VwbG9hZHNcLzIwMjVcLzEyXC9XaGF0c0FwcC1JbWFnZS0yMDI1LTA3LTI0LWF0LTE0LjM2LjAxLTEuanBlZyIsInNsaWRlc2hvdyI6IjljODA2MWMifQ%3D%3D\" href='https:\/\/thelionevent.com\/wp-content\/uploads\/2025\/12\/WhatsApp-Image-2025-07-24-at-14.36.01-1.jpeg'><img loading=\"lazy\" decoding=\"async\" width=\"828\" height=\"516\" src=\"https:\/\/thelionevent.com\/wp-content\/uploads\/2025\/12\/WhatsApp-Image-2025-07-24-at-14.36.01-1-828x516.jpeg\" class=\"attachment-turner_828x516 size-turner_828x516\" alt=\"\" \/><\/a>\n\t\t\t<\/div><\/figure><figure class='gallery-item'>\n\t\t\t<div class='gallery-icon landscape'>\n\t\t\t\t<a data-elementor-open-lightbox=\"yes\" data-elementor-lightbox-slideshow=\"9c8061c\" data-elementor-lightbox-title=\"WhatsApp Image 2025-07-24 at 14.36.01\" data-e-action-hash=\"#elementor-action%3Aaction%3Dlightbox%26settings%3DeyJpZCI6MjI2MywidXJsIjoiaHR0cHM6XC9cL3RoZWxpb25ldmVudC5jb21cL3dwLWNvbnRlbnRcL3VwbG9hZHNcLzIwMjVcLzEyXC9XaGF0c0FwcC1JbWFnZS0yMDI1LTA3LTI0LWF0LTE0LjM2LjAxLmpwZWciLCJzbGlkZXNob3ciOiI5YzgwNjFjIn0%3D\" href='https:\/\/thelionevent.com\/wp-content\/uploads\/2025\/12\/WhatsApp-Image-2025-07-24-at-14.36.01.jpeg'><img loading=\"lazy\" decoding=\"async\" width=\"828\" height=\"516\" src=\"https:\/\/thelionevent.com\/wp-content\/uploads\/2025\/12\/WhatsApp-Image-2025-07-24-at-14.36.01-828x516.jpeg\" class=\"attachment-turner_828x516 size-turner_828x516\" alt=\"\" \/><\/a>\n\t\t\t<\/div><\/figure><figure class='gallery-item'>\n\t\t\t<div class='gallery-icon landscape'>\n\t\t\t\t<a data-elementor-open-lightbox=\"yes\" data-elementor-lightbox-slideshow=\"9c8061c\" data-elementor-lightbox-title=\"WhatsApp Image 2025-07-24 at 14.36.02\" data-e-action-hash=\"#elementor-action%3Aaction%3Dlightbox%26settings%3DeyJpZCI6MjI2NCwidXJsIjoiaHR0cHM6XC9cL3RoZWxpb25ldmVudC5jb21cL3dwLWNvbnRlbnRcL3VwbG9hZHNcLzIwMjVcLzEyXC9XaGF0c0FwcC1JbWFnZS0yMDI1LTA3LTI0LWF0LTE0LjM2LjAyLmpwZWciLCJzbGlkZXNob3ciOiI5YzgwNjFjIn0%3D\" href='https:\/\/thelionevent.com\/wp-content\/uploads\/2025\/12\/WhatsApp-Image-2025-07-24-at-14.36.02.jpeg'><img loading=\"lazy\" decoding=\"async\" width=\"828\" height=\"516\" src=\"https:\/\/thelionevent.com\/wp-content\/uploads\/2025\/12\/WhatsApp-Image-2025-07-24-at-14.36.02-828x516.jpeg\" class=\"attachment-turner_828x516 size-turner_828x516\" alt=\"\" \/><\/a>\n\t\t\t<\/div><\/figure><figure class='gallery-item'>\n\t\t\t<div class='gallery-icon landscape'>\n\t\t\t\t<a data-elementor-open-lightbox=\"yes\" data-elementor-lightbox-slideshow=\"9c8061c\" data-elementor-lightbox-title=\"WhatsApp Image 2025-07-27 at 12.20.54\" data-e-action-hash=\"#elementor-action%3Aaction%3Dlightbox%26settings%3DeyJpZCI6MjI2NSwidXJsIjoiaHR0cHM6XC9cL3RoZWxpb25ldmVudC5jb21cL3dwLWNvbnRlbnRcL3VwbG9hZHNcLzIwMjVcLzEyXC9XaGF0c0FwcC1JbWFnZS0yMDI1LTA3LTI3LWF0LTEyLjIwLjU0LmpwZWciLCJzbGlkZXNob3ciOiI5YzgwNjFjIn0%3D\" href='https:\/\/thelionevent.com\/wp-content\/uploads\/2025\/12\/WhatsApp-Image-2025-07-27-at-12.20.54.jpeg'><img loading=\"lazy\" decoding=\"async\" width=\"828\" height=\"516\" src=\"https:\/\/thelionevent.com\/wp-content\/uploads\/2025\/12\/WhatsApp-Image-2025-07-27-at-12.20.54-828x516.jpeg\" class=\"attachment-turner_828x516 size-turner_828x516\" alt=\"\" \/><\/a>\n\t\t\t<\/div><\/figure><figure class='gallery-item'>\n\t\t\t<div class='gallery-icon portrait'>\n\t\t\t\t<a data-elementor-open-lightbox=\"yes\" data-elementor-lightbox-slideshow=\"9c8061c\" data-elementor-lightbox-title=\"WhatsApp Image 2025-07-30 at 17.41.45 (1)\" data-e-action-hash=\"#elementor-action%3Aaction%3Dlightbox%26settings%3DeyJpZCI6MjI2NiwidXJsIjoiaHR0cHM6XC9cL3RoZWxpb25ldmVudC5jb21cL3dwLWNvbnRlbnRcL3VwbG9hZHNcLzIwMjVcLzEyXC9XaGF0c0FwcC1JbWFnZS0yMDI1LTA3LTMwLWF0LTE3LjQxLjQ1LTEuanBlZyIsInNsaWRlc2hvdyI6IjljODA2MWMifQ%3D%3D\" href='https:\/\/thelionevent.com\/wp-content\/uploads\/2025\/12\/WhatsApp-Image-2025-07-30-at-17.41.45-1.jpeg'><img loading=\"lazy\" decoding=\"async\" width=\"828\" height=\"516\" src=\"https:\/\/thelionevent.com\/wp-content\/uploads\/2025\/12\/WhatsApp-Image-2025-07-30-at-17.41.45-1-828x516.jpeg\" class=\"attachment-turner_828x516 size-turner_828x516\" alt=\"\" \/><\/a>\n\t\t\t<\/div><\/figure><figure class='gallery-item'>\n\t\t\t<div class='gallery-icon landscape'>\n\t\t\t\t<a data-elementor-open-lightbox=\"yes\" data-elementor-lightbox-slideshow=\"9c8061c\" data-elementor-lightbox-title=\"WhatsApp Image 2025-07-30 at 17.41.45\" data-e-action-hash=\"#elementor-action%3Aaction%3Dlightbox%26settings%3DeyJpZCI6MjI2NywidXJsIjoiaHR0cHM6XC9cL3RoZWxpb25ldmVudC5jb21cL3dwLWNvbnRlbnRcL3VwbG9hZHNcLzIwMjVcLzEyXC9XaGF0c0FwcC1JbWFnZS0yMDI1LTA3LTMwLWF0LTE3LjQxLjQ1LmpwZWciLCJzbGlkZXNob3ciOiI5YzgwNjFjIn0%3D\" href='https:\/\/thelionevent.com\/wp-content\/uploads\/2025\/12\/WhatsApp-Image-2025-07-30-at-17.41.45.jpeg'><img loading=\"lazy\" decoding=\"async\" width=\"828\" height=\"516\" src=\"https:\/\/thelionevent.com\/wp-content\/uploads\/2025\/12\/WhatsApp-Image-2025-07-30-at-17.41.45-828x516.jpeg\" class=\"attachment-turner_828x516 size-turner_828x516\" alt=\"\" \/><\/a>\n\t\t\t<\/div><\/figure><figure class='gallery-item'>\n\t\t\t<div class='gallery-icon landscape'>\n\t\t\t\t<a data-elementor-open-lightbox=\"yes\" data-elementor-lightbox-slideshow=\"9c8061c\" data-elementor-lightbox-title=\"WhatsApp Image 2025-07-31 at 11.33.12\" data-e-action-hash=\"#elementor-action%3Aaction%3Dlightbox%26settings%3DeyJpZCI6MjI2OCwidXJsIjoiaHR0cHM6XC9cL3RoZWxpb25ldmVudC5jb21cL3dwLWNvbnRlbnRcL3VwbG9hZHNcLzIwMjVcLzEyXC9XaGF0c0FwcC1JbWFnZS0yMDI1LTA3LTMxLWF0LTExLjMzLjEyLmpwZWciLCJzbGlkZXNob3ciOiI5YzgwNjFjIn0%3D\" href='https:\/\/thelionevent.com\/wp-content\/uploads\/2025\/12\/WhatsApp-Image-2025-07-31-at-11.33.12.jpeg'><img loading=\"lazy\" decoding=\"async\" width=\"828\" height=\"516\" src=\"https:\/\/thelionevent.com\/wp-content\/uploads\/2025\/12\/WhatsApp-Image-2025-07-31-at-11.33.12-828x516.jpeg\" class=\"attachment-turner_828x516 size-turner_828x516\" alt=\"\" \/><\/a>\n\t\t\t<\/div><\/figure>\n\t\t<\/div>\n\t\t<\/div>\n\t\t\t\t\t\t<\/div>\n\t\t\t\t\t<\/div>\n\t\t\t\t<\/div>\n\t\t\t\t<\/div>\n\t\t","protected":false},"excerpt":{"rendered":"<p>Resim Galerisi<\/p>\n","protected":false},"author":1,"featured_media":0,"parent":0,"menu_order":0,"comment_status":"closed","ping_status":"closed","template":"tpl-default-elementor.php","meta":{"_monsterinsights_skip_tracking":false,"_monsterinsights_sitenote_active":false,"_monsterinsights_sitenote_note":"","_monsterinsights_sitenote_category":0,"footnotes":""},"class_list":["post-2253","page","type-page","status-publish","hentry"],"aioseo_notices":[],"_links":{"self":[{"href":"https:\/\/thelionevent.com\/index.php\/wp-json\/wp\/v2\/pages\/2253","targetHints":{"allow":["GET"]}}],"collection":[{"href":"https:\/\/thelionevent.com\/index.php\/wp-json\/wp\/v2\/pages"}],"about":[{"href":"https:\/\/thelionevent.com\/index.php\/wp-json\/wp\/v2\/types\/page"}],"author":[{"embeddable":true,"href":"https:\/\/thelionevent.com\/index.php\/wp-json\/wp\/v2\/users\/1"}],"replies":[{"embeddable":true,"href":"https:\/\/thelionevent.com\/index.php\/wp-json\/wp\/v2\/comments?post=2253"}],"version-history":[{"count":4,"href":"https:\/\/thelionevent.com\/index.php\/wp-json\/wp\/v2\/pages\/2253\/revisions"}],"predecessor-version":[{"id":2271,"href":"https:\/\/thelionevent.com\/index.php\/wp-json\/wp\/v2\/pages\/2253\/revisions\/2271"}],"wp:attachment":[{"href":"https:\/\/thelionevent.com\/index.php\/wp-json\/wp\/v2\/media?parent=2253"}],"curies":[{"name":"wp","href":"https:\/\/api.w.org\/{rel}","templated":true}]}}